{"id":9,"date":"2014-09-24T15:18:47","date_gmt":"2014-09-24T14:18:47","guid":{"rendered":"http:\/\/localhost\/www.miwweltrend.lu\/?page_id=9"},"modified":"2026-02-20T16:33:21","modified_gmt":"2026-02-20T15:33:21","slug":"showroom","status":"publish","type":"page","link":"https:\/\/menuiserie-weber.lu\/fr\/showroom\/","title":{"rendered":"Showroom"},"content":{"rendered":"\n<p><strong>Au c\u0153ur d\u2019un showroom de 400 m2, d\u00e9couvrez l\u2019ensemble des possibilit\u00e9s que la Menuiserie G\u00e9rard WEBER met au service de vos am\u00e9nagements int\u00e9rieurs et ext\u00e9rieurs.<\/strong><\/p>\n\n\n\n<p>Nous vous pr\u00e9sentons une large gamme de collections pour vos besoins en menuiserie. A travers les produits et solutions que nous vous proposons, vous trouverez certainement des id\u00e9es pour agr\u00e9menter vos am\u00e9nagements. Au c\u0153ur de notre espace de pr\u00e9sentation, le classique c\u00f4toie le design et l\u2019intemporel. D\u00e9couvrez de tr\u00e8s nombreuses essences de bois, mais aussi des possibilit\u00e9s de personnalisation \u00e9tendues, au niveau des portes, des parquets, des meubles, des plafonds ou encore des cloisons\u2026 Selon vos envies et projets, nous pourrons cr\u00e9er des am\u00e9nagements sur-mesure.<\/p>\n\n\n\n<p><strong>Un bureau d\u2019\u00e9tude, pour donner vie \u00e0 vos projets.<\/strong><\/p>\n\n\n\n<p>La Menuiserie G\u00e9rard WEBER est adoss\u00e9e \u00e0 un bureau d\u2019\u00e9tude et \u00e0 une \u00e9quipe d\u2019architectes \u00e0 m\u00eame de vous aider \u00e0 mieux d\u00e9finir votre projet d\u2019am\u00e9nagement, jusque dans les moindres d\u00e9tails. Que vous souhaitiez une nouvelle cuisine, transformer votre chambre \u00e0 coucher avec des meubles con\u00e7us sur-mesure, am\u00e9nager un grenier ou encore d\u00e9finir les abords de votre terrasse ou de votre piscine, nos \u00e9quipes vous accompagnent de la conception de votre projet jusqu\u2019\u00e0 sa mise en \u0153uvre.<\/p>\n\n\n\n<p>Sous vos yeux, gr\u00e2ce \u00e0 une mod\u00e9lisation 3D, vos futurs am\u00e9nagements prendront du relief. Vous pourrez vous promener au c\u0153ur de vos futurs espaces int\u00e9rieurs et ext\u00e9rieurs.<\/p>\n","protected":false},"excerpt":{"rendered":"<p>Au c\u0153ur d\u2019un showroom de 400 m2, d\u00e9couvrez l\u2019ensemble des possibilit\u00e9s que la Menuiserie G\u00e9rard WEBER met au service de vos am\u00e9nagements int\u00e9rieurs et ext\u00e9rieurs. Nous vous pr\u00e9sentons une large gamme de collections pour vos besoins en menuiserie. A travers les produits et solutions que nous vous proposons, vous trouverez certainement des id\u00e9es pour agr\u00e9menter [&hellip;]<\/p>\n","protected":false},"author":1,"featured_media":0,"parent":0,"menu_order":20,"comment_status":"open","ping_status":"open","template":"template-showroom.php","meta":{"_acf_changed":false,"footnotes":""},"acf":[],"yoast_head":"<!-- This site is optimized with the Yoast SEO plugin v22.4 - https:\/\/yoast.com\/wordpress\/plugins\/seo\/ -->\n<title>Showroom - Menuiserie Weber<\/title>\n<meta name=\"description\" content=\"notre showroom est con\u00e7u comme un v\u00e9ritable parcours d&#039;inspiration, notre espace d&#039;exposition vous permet de r\u00e9aliser vos projets.\" \/>\n<meta name=\"robots\" content=\"index, follow, max-snippet:-1, max-image-preview:large, max-video-preview:-1\" \/>\n<link rel=\"canonical\" href=\"https:\/\/menuiserie-weber.lu\/fr\/showroom\/\" \/>\n<meta name=\"twitter:label1\" content=\"Est. reading time\" \/>\n\t<meta name=\"twitter:data1\" content=\"2 minutes\" \/>\n<script type=\"application\/ld+json\" class=\"yoast-schema-graph\">{\"@context\":\"https:\/\/schema.org\",\"@graph\":[{\"@type\":\"WebPage\",\"@id\":\"https:\/\/menuiserie-weber.lu\/fr\/showroom\/\",\"url\":\"https:\/\/menuiserie-weber.lu\/fr\/showroom\/\",\"name\":\"Showroom - Menuiserie Weber\",\"isPartOf\":{\"@id\":\"https:\/\/menuiserie-weber.lu\/fr\/#website\"},\"datePublished\":\"2014-09-24T14:18:47+00:00\",\"dateModified\":\"2026-02-20T15:33:21+00:00\",\"description\":\"notre showroom est con\u00e7u comme un v\u00e9ritable parcours d'inspiration, notre espace d'exposition vous permet de r\u00e9aliser vos projets.\",\"breadcrumb\":{\"@id\":\"https:\/\/menuiserie-weber.lu\/fr\/showroom\/#breadcrumb\"},\"inLanguage\":\"fr-FR\",\"potentialAction\":[{\"@type\":\"ReadAction\",\"target\":[\"https:\/\/menuiserie-weber.lu\/fr\/showroom\/\"]}]},{\"@type\":\"BreadcrumbList\",\"@id\":\"https:\/\/menuiserie-weber.lu\/fr\/showroom\/#breadcrumb\",\"itemListElement\":[{\"@type\":\"ListItem\",\"position\":1,\"name\":\"Accueil\",\"item\":\"https:\/\/menuiserie-weber.lu\/fr\/\"},{\"@type\":\"ListItem\",\"position\":2,\"name\":\"Showroom\"}]},{\"@type\":\"WebSite\",\"@id\":\"https:\/\/menuiserie-weber.lu\/fr\/#website\",\"url\":\"https:\/\/menuiserie-weber.lu\/fr\/\",\"name\":\"Menuiserie Weber\",\"description\":\"\",\"potentialAction\":[{\"@type\":\"SearchAction\",\"target\":{\"@type\":\"EntryPoint\",\"urlTemplate\":\"https:\/\/menuiserie-weber.lu\/fr\/?s={search_term_string}\"},\"query-input\":\"required name=search_term_string\"}],\"inLanguage\":\"fr-FR\"}]}<\/script>\n<!-- \/ Yoast SEO plugin. -->","yoast_head_json":{"title":"Showroom - Menuiserie Weber","description":"notre showroom est con\u00e7u comme un v\u00e9ritable parcours d'inspiration, notre espace d'exposition vous permet de r\u00e9aliser vos projets.","robots":{"index":"index","follow":"follow","max-snippet":"max-snippet:-1","max-image-preview":"max-image-preview:large","max-video-preview":"max-video-preview:-1"},"canonical":"https:\/\/menuiserie-weber.lu\/fr\/showroom\/","twitter_misc":{"Est. reading time":"2 minutes"},"schema":{"@context":"https:\/\/schema.org","@graph":[{"@type":"WebPage","@id":"https:\/\/menuiserie-weber.lu\/fr\/showroom\/","url":"https:\/\/menuiserie-weber.lu\/fr\/showroom\/","name":"Showroom - Menuiserie Weber","isPartOf":{"@id":"https:\/\/menuiserie-weber.lu\/fr\/#website"},"datePublished":"2014-09-24T14:18:47+00:00","dateModified":"2026-02-20T15:33:21+00:00","description":"notre showroom est con\u00e7u comme un v\u00e9ritable parcours d'inspiration, notre espace d'exposition vous permet de r\u00e9aliser vos projets.","breadcrumb":{"@id":"https:\/\/menuiserie-weber.lu\/fr\/showroom\/#breadcrumb"},"inLanguage":"fr-FR","potentialAction":[{"@type":"ReadAction","target":["https:\/\/menuiserie-weber.lu\/fr\/showroom\/"]}]},{"@type":"BreadcrumbList","@id":"https:\/\/menuiserie-weber.lu\/fr\/showroom\/#breadcrumb","itemListElement":[{"@type":"ListItem","position":1,"name":"Accueil","item":"https:\/\/menuiserie-weber.lu\/fr\/"},{"@type":"ListItem","position":2,"name":"Showroom"}]},{"@type":"WebSite","@id":"https:\/\/menuiserie-weber.lu\/fr\/#website","url":"https:\/\/menuiserie-weber.lu\/fr\/","name":"Menuiserie Weber","description":"","potentialAction":[{"@type":"SearchAction","target":{"@type":"EntryPoint","urlTemplate":"https:\/\/menuiserie-weber.lu\/fr\/?s={search_term_string}"},"query-input":"required name=search_term_string"}],"inLanguage":"fr-FR"}]}},"_links":{"self":[{"href":"https:\/\/menuiserie-weber.lu\/fr\/wp-json\/wp\/v2\/pages\/9"}],"collection":[{"href":"https:\/\/menuiserie-weber.lu\/fr\/wp-json\/wp\/v2\/pages"}],"about":[{"href":"https:\/\/menuiserie-weber.lu\/fr\/wp-json\/wp\/v2\/types\/page"}],"author":[{"embeddable":true,"href":"https:\/\/menuiserie-weber.lu\/fr\/wp-json\/wp\/v2\/users\/1"}],"replies":[{"embeddable":true,"href":"https:\/\/menuiserie-weber.lu\/fr\/wp-json\/wp\/v2\/comments?post=9"}],"version-history":[{"count":2,"href":"https:\/\/menuiserie-weber.lu\/fr\/wp-json\/wp\/v2\/pages\/9\/revisions"}],"predecessor-version":[{"id":2282,"href":"https:\/\/menuiserie-weber.lu\/fr\/wp-json\/wp\/v2\/pages\/9\/revisions\/2282"}],"wp:attachment":[{"href":"https:\/\/menuiserie-weber.lu\/fr\/wp-json\/wp\/v2\/media?parent=9"}],"curies":[{"name":"wp","href":"https:\/\/api.w.org\/{rel}","templated":true}]}}