{"id":4,"date":"2014-09-24T15:06:31","date_gmt":"2014-09-24T14:06:31","guid":{"rendered":"http:\/\/localhost\/www.miwweltrend.lu\/?page_id=4"},"modified":"2026-02-27T09:37:39","modified_gmt":"2026-02-27T08:37:39","slug":"menuiserie-sur-mesure-au-luxembourg","status":"publish","type":"page","link":"https:\/\/menuiserie-weber.lu\/fr\/","title":{"rendered":"Menuiserie Weber"},"content":{"rendered":"<p><a href=\"https:\/\/menuiserie-weber.lu\/fr\/wp-content\/uploads\/2014\/09\/FERMETURE-ETE.jpg\"><img loading=\"lazy\" decoding=\"async\" class=\"alignnone size-medium wp-image-2017\" src=\"https:\/\/menuiserie-weber.lu\/fr\/wp-content\/uploads\/2014\/09\/FERMETURE-ETE-300x71.jpg\" alt=\"FERMETURE ETE\" width=\"300\" height=\"71\" \/><\/a><\/p>\n","protected":false},"excerpt":{"rendered":"","protected":false},"author":1,"featured_media":0,"parent":0,"menu_order":20,"comment_status":"closed","ping_status":"closed","template":"template-homepage.php","meta":{"_acf_changed":false,"footnotes":""},"acf":[],"yoast_head":"<!-- This site is optimized with the Yoast SEO plugin v22.4 - https:\/\/yoast.com\/wordpress\/plugins\/seo\/ -->\n<title>Menuiserie Weber - Menuiserie Weber<\/title>\n<meta name=\"description\" content=\"La menuiserie propose un large choix de solutions sur mesure, permettant de satisfaire l\u2019ensemble de vos besoins. Quelle que soit l\u2019envergue de votre projet, pour l\u2019installation de portes, parquet, mobilier, escalier ou autre\u2026 nous mettons \u00e0 votre disposition toutes les comp\u00e9tences n\u00e9cessaires.\" \/>\n<meta name=\"robots\" content=\"index, follow, max-snippet:-1, max-image-preview:large, max-video-preview:-1\" \/>\n<link rel=\"canonical\" href=\"https:\/\/menuiserie-weber.lu\/fr\/\" \/>\n<meta name=\"twitter:label1\" content=\"Est. reading time\" \/>\n\t<meta name=\"twitter:data1\" content=\"1 minute\" \/>\n<script type=\"application\/ld+json\" class=\"yoast-schema-graph\">{\"@context\":\"https:\/\/schema.org\",\"@graph\":[{\"@type\":\"WebPage\",\"@id\":\"https:\/\/menuiserie-weber.lu\/fr\/\",\"url\":\"https:\/\/menuiserie-weber.lu\/fr\/\",\"name\":\"Menuiserie Weber - Menuiserie Weber\",\"isPartOf\":{\"@id\":\"https:\/\/menuiserie-weber.lu\/fr\/#website\"},\"primaryImageOfPage\":{\"@id\":\"https:\/\/menuiserie-weber.lu\/fr\/#primaryimage\"},\"image\":{\"@id\":\"https:\/\/menuiserie-weber.lu\/fr\/#primaryimage\"},\"thumbnailUrl\":\"https:\/\/menuiserie-weber.lu\/fr\/wp-content\/uploads\/2014\/09\/FERMETURE-ETE-300x71.jpg\",\"datePublished\":\"2014-09-24T14:06:31+00:00\",\"dateModified\":\"2026-02-27T08:37:39+00:00\",\"description\":\"La menuiserie propose un large choix de solutions sur mesure, permettant de satisfaire l\u2019ensemble de vos besoins. Quelle que soit l\u2019envergue de votre projet, pour l\u2019installation de portes, parquet, mobilier, escalier ou autre\u2026 nous mettons \u00e0 votre disposition toutes les comp\u00e9tences n\u00e9cessaires.\",\"breadcrumb\":{\"@id\":\"https:\/\/menuiserie-weber.lu\/fr\/#breadcrumb\"},\"inLanguage\":\"fr-FR\",\"potentialAction\":[{\"@type\":\"ReadAction\",\"target\":[\"https:\/\/menuiserie-weber.lu\/fr\/\"]}]},{\"@type\":\"ImageObject\",\"inLanguage\":\"fr-FR\",\"@id\":\"https:\/\/menuiserie-weber.lu\/fr\/#primaryimage\",\"url\":\"https:\/\/menuiserie-weber.lu\/fr\/wp-content\/uploads\/2014\/09\/FERMETURE-ETE-300x71.jpg\",\"contentUrl\":\"https:\/\/menuiserie-weber.lu\/fr\/wp-content\/uploads\/2014\/09\/FERMETURE-ETE-300x71.jpg\"},{\"@type\":\"BreadcrumbList\",\"@id\":\"https:\/\/menuiserie-weber.lu\/fr\/#breadcrumb\",\"itemListElement\":[{\"@type\":\"ListItem\",\"position\":1,\"name\":\"Accueil\",\"item\":\"https:\/\/menuiserie-weber.lu\/fr\/\"},{\"@type\":\"ListItem\",\"position\":2,\"name\":\"Menuiserie Weber\"}]},{\"@type\":\"WebSite\",\"@id\":\"https:\/\/menuiserie-weber.lu\/fr\/#website\",\"url\":\"https:\/\/menuiserie-weber.lu\/fr\/\",\"name\":\"Menuiserie Weber\",\"description\":\"\",\"potentialAction\":[{\"@type\":\"SearchAction\",\"target\":{\"@type\":\"EntryPoint\",\"urlTemplate\":\"https:\/\/menuiserie-weber.lu\/fr\/?s={search_term_string}\"},\"query-input\":\"required name=search_term_string\"}],\"inLanguage\":\"fr-FR\"}]}<\/script>\n<!-- \/ Yoast SEO plugin. -->","yoast_head_json":{"title":"Menuiserie Weber - Menuiserie Weber","description":"La menuiserie propose un large choix de solutions sur mesure, permettant de satisfaire l\u2019ensemble de vos besoins. Quelle que soit l\u2019envergue de votre projet, pour l\u2019installation de portes, parquet, mobilier, escalier ou autre\u2026 nous mettons \u00e0 votre disposition toutes les comp\u00e9tences n\u00e9cessaires.","robots":{"index":"index","follow":"follow","max-snippet":"max-snippet:-1","max-image-preview":"max-image-preview:large","max-video-preview":"max-video-preview:-1"},"canonical":"https:\/\/menuiserie-weber.lu\/fr\/","twitter_misc":{"Est. reading time":"1 minute"},"schema":{"@context":"https:\/\/schema.org","@graph":[{"@type":"WebPage","@id":"https:\/\/menuiserie-weber.lu\/fr\/","url":"https:\/\/menuiserie-weber.lu\/fr\/","name":"Menuiserie Weber - Menuiserie Weber","isPartOf":{"@id":"https:\/\/menuiserie-weber.lu\/fr\/#website"},"primaryImageOfPage":{"@id":"https:\/\/menuiserie-weber.lu\/fr\/#primaryimage"},"image":{"@id":"https:\/\/menuiserie-weber.lu\/fr\/#primaryimage"},"thumbnailUrl":"https:\/\/menuiserie-weber.lu\/fr\/wp-content\/uploads\/2014\/09\/FERMETURE-ETE-300x71.jpg","datePublished":"2014-09-24T14:06:31+00:00","dateModified":"2026-02-27T08:37:39+00:00","description":"La menuiserie propose un large choix de solutions sur mesure, permettant de satisfaire l\u2019ensemble de vos besoins. Quelle que soit l\u2019envergue de votre projet, pour l\u2019installation de portes, parquet, mobilier, escalier ou autre\u2026 nous mettons \u00e0 votre disposition toutes les comp\u00e9tences n\u00e9cessaires.","breadcrumb":{"@id":"https:\/\/menuiserie-weber.lu\/fr\/#breadcrumb"},"inLanguage":"fr-FR","potentialAction":[{"@type":"ReadAction","target":["https:\/\/menuiserie-weber.lu\/fr\/"]}]},{"@type":"ImageObject","inLanguage":"fr-FR","@id":"https:\/\/menuiserie-weber.lu\/fr\/#primaryimage","url":"https:\/\/menuiserie-weber.lu\/fr\/wp-content\/uploads\/2014\/09\/FERMETURE-ETE-300x71.jpg","contentUrl":"https:\/\/menuiserie-weber.lu\/fr\/wp-content\/uploads\/2014\/09\/FERMETURE-ETE-300x71.jpg"},{"@type":"BreadcrumbList","@id":"https:\/\/menuiserie-weber.lu\/fr\/#breadcrumb","itemListElement":[{"@type":"ListItem","position":1,"name":"Accueil","item":"https:\/\/menuiserie-weber.lu\/fr\/"},{"@type":"ListItem","position":2,"name":"Menuiserie Weber"}]},{"@type":"WebSite","@id":"https:\/\/menuiserie-weber.lu\/fr\/#website","url":"https:\/\/menuiserie-weber.lu\/fr\/","name":"Menuiserie Weber","description":"","potentialAction":[{"@type":"SearchAction","target":{"@type":"EntryPoint","urlTemplate":"https:\/\/menuiserie-weber.lu\/fr\/?s={search_term_string}"},"query-input":"required name=search_term_string"}],"inLanguage":"fr-FR"}]}},"_links":{"self":[{"href":"https:\/\/menuiserie-weber.lu\/fr\/wp-json\/wp\/v2\/pages\/4"}],"collection":[{"href":"https:\/\/menuiserie-weber.lu\/fr\/wp-json\/wp\/v2\/pages"}],"about":[{"href":"https:\/\/menuiserie-weber.lu\/fr\/wp-json\/wp\/v2\/types\/page"}],"author":[{"embeddable":true,"href":"https:\/\/menuiserie-weber.lu\/fr\/wp-json\/wp\/v2\/users\/1"}],"replies":[{"embeddable":true,"href":"https:\/\/menuiserie-weber.lu\/fr\/wp-json\/wp\/v2\/comments?post=4"}],"version-history":[{"count":5,"href":"https:\/\/menuiserie-weber.lu\/fr\/wp-json\/wp\/v2\/pages\/4\/revisions"}],"predecessor-version":[{"id":2348,"href":"https:\/\/menuiserie-weber.lu\/fr\/wp-json\/wp\/v2\/pages\/4\/revisions\/2348"}],"wp:attachment":[{"href":"https:\/\/menuiserie-weber.lu\/fr\/wp-json\/wp\/v2\/media?parent=4"}],"curies":[{"name":"wp","href":"https:\/\/api.w.org\/{rel}","templated":true}]}}