{"id":11,"date":"2014-09-24T15:19:14","date_gmt":"2014-09-24T14:19:14","guid":{"rendered":"http:\/\/localhost\/www.miwweltrend.lu\/?page_id=11"},"modified":"2026-02-20T16:40:19","modified_gmt":"2026-02-20T15:40:19","slug":"amenagements-sur-mesure-dans-notre-atelier","status":"publish","type":"page","link":"https:\/\/menuiserie-weber.lu\/fr\/amenagements-sur-mesure-dans-notre-atelier\/","title":{"rendered":"Services"},"content":{"rendered":"\n<h1 class=\"wp-block-heading\">am\u00e9nagements sur mesure dans notre atelier<\/h1>\n\n\n\n<p>La Menuiserie G\u00e9rard WEBER c\u2019est avant tout un atelier au service de vos projets. En tant que menuisier-\u00e9b\u00e9niste professionnel, nous r\u00e9alisons vos meubles et am\u00e9nagements sur mesure pour toutes les pi\u00e8ces de votre maison, de votre surface professionnelle ou encore d\u2019un espace public. Nous sommes des professionnels du travail du bois, mais aussi d\u2019autres mat\u00e9riaux comme le PVC, le verre et l\u2019aluminium. Notre exp\u00e9rience et la satisfaction de nos clients sont les meilleurs gages de qualit\u00e9 que nous pouvons vous apporter.<\/p>\n\n\n\n<h1 class=\"wp-block-heading\">Fabrication sur mesure et suivant les d\u00e9sirs<\/h1>\n\n\n\n<p>Notre \u00e9quipe, adoss\u00e9e \u00e0 un bureau d\u2019\u00e9tude, peut r\u00e9pondre \u00e0 toutes vos demandes. Nous assurons le suivi de tous vos projets de r\u00e9alisation, transformation et de r\u00e9paration de travaux de menuiserie int\u00e9rieure et ext\u00e9rieure depuis leur conception jusqu\u2019\u00e0 leur mise en \u0153uvre. Nous cr\u00e9ons des pi\u00e8ces et des meubles sur-mesure, en fonction de vos besoins, de votre projet d\u2019am\u00e9nagement, de vos id\u00e9es. Partagez vos souhaits et d\u00e9sirs avec nous. Ensemble, nous envisagerons la mani\u00e8re de les concr\u00e9tiser.<\/p>\n\n\n\n<h1 class=\"wp-block-heading\">Un grand choix d&rsquo;essences de bois<\/h1>\n\n\n\n<p>Trouvez l\u2019essence de bois qui vous correspond. D\u00e9couvrez notre offre consid\u00e9rable en la mati\u00e8re. L\u2019essence, la couleur, la composition du bois qui int\u00e9grera vos \u00e9l\u00e9ments de menuiserie int\u00e9rieure et\/ou ext\u00e9rieure, permettront de cr\u00e9er des ambiances chaleureuses, uniques, selon vos d\u00e9sirs et envies. Vos meubles, portes, ch\u00e2ssis con\u00e7us dans nos ateliers peuvent aussi int\u00e9grer des \u00e9l\u00e9ments de verre ou de m\u00e9tal.<\/p>\n\n\n\n<h1 class=\"wp-block-heading\">Terrasses, habillage Trespa, portes,&#8230;<\/h1>\n\n\n\n<p>Nous vous offrons une large palette de produits, allant des portes et fen\u00eatres int\u00e9rieures ou ext\u00e9rieures \u00e0 l\u2019habillage de fa\u00e7ade Trespa, en passant par des possibilit\u00e9s d\u2019am\u00e9nagement de terrasse, la cr\u00e9ation et pose d\u2019escaliers sur-mesure, la red\u00e9finition des espaces \u00e0 l\u2019aide de cloisons&#8230; Quel que soit votre projet, notre bureau d\u2019\u00e9tude pourra vous accompagner, depuis sa conception jusqu\u2019\u00e0 sa mise en \u0153uvre.<\/p>\n\n\n\n<h1 class=\"wp-block-heading\">Am\u00e9nagement de greniers<\/h1>\n\n\n\n<p>Nos architectes, au sein de notre bureau d\u2019\u00e9tude, vous aident \u00e0 transformer des greniers ou autres pi\u00e8ces en lieux de vie agr\u00e9ables et chaleureux. En fonction de vos besoins et des espaces disponibles au c\u0153ur de votre habitation, d\u00e9couvrez comment optimiser la surface disponible, gr\u00e2ce \u00e0 des am\u00e9nagements con\u00e7us sur-mesure ou encore des solutions de rangement adapt\u00e9es.<\/p>\n","protected":false},"excerpt":{"rendered":"<p>am\u00e9nagements sur mesure dans notre atelier La Menuiserie G\u00e9rard WEBER c\u2019est avant tout un atelier au service de vos projets. En tant que menuisier-\u00e9b\u00e9niste professionnel, nous r\u00e9alisons vos meubles et am\u00e9nagements sur mesure pour toutes les pi\u00e8ces de votre maison, de votre surface professionnelle ou encore d\u2019un espace public. Nous sommes des professionnels du travail [&hellip;]<\/p>\n","protected":false},"author":1,"featured_media":0,"parent":0,"menu_order":20,"comment_status":"open","ping_status":"open","template":"template-services.php","meta":{"_acf_changed":false,"footnotes":""},"acf":[],"yoast_head":"<!-- This site is optimized with the Yoast SEO plugin v22.4 - https:\/\/yoast.com\/wordpress\/plugins\/seo\/ -->\n<title>Services - Menuiserie Weber<\/title>\n<meta name=\"description\" content=\"am\u00e9nagements sur mesure dans notre atelier avec une large palette de mat\u00e9riaux et grace aux machines les plus performantes.\" \/>\n<meta name=\"robots\" content=\"index, follow, max-snippet:-1, max-image-preview:large, max-video-preview:-1\" \/>\n<link rel=\"canonical\" href=\"https:\/\/menuiserie-weber.lu\/fr\/amenagements-sur-mesure-dans-notre-atelier\/\" \/>\n<meta name=\"twitter:label1\" content=\"Est. reading time\" \/>\n\t<meta name=\"twitter:data1\" content=\"2 minutes\" \/>\n<script type=\"application\/ld+json\" class=\"yoast-schema-graph\">{\"@context\":\"https:\/\/schema.org\",\"@graph\":[{\"@type\":\"WebPage\",\"@id\":\"https:\/\/menuiserie-weber.lu\/fr\/amenagements-sur-mesure-dans-notre-atelier\/\",\"url\":\"https:\/\/menuiserie-weber.lu\/fr\/amenagements-sur-mesure-dans-notre-atelier\/\",\"name\":\"Services - Menuiserie Weber\",\"isPartOf\":{\"@id\":\"https:\/\/menuiserie-weber.lu\/fr\/#website\"},\"datePublished\":\"2014-09-24T14:19:14+00:00\",\"dateModified\":\"2026-02-20T15:40:19+00:00\",\"description\":\"am\u00e9nagements sur mesure dans notre atelier avec une large palette de mat\u00e9riaux et grace aux machines les plus performantes.\",\"breadcrumb\":{\"@id\":\"https:\/\/menuiserie-weber.lu\/fr\/amenagements-sur-mesure-dans-notre-atelier\/#breadcrumb\"},\"inLanguage\":\"fr-FR\",\"potentialAction\":[{\"@type\":\"ReadAction\",\"target\":[\"https:\/\/menuiserie-weber.lu\/fr\/amenagements-sur-mesure-dans-notre-atelier\/\"]}]},{\"@type\":\"BreadcrumbList\",\"@id\":\"https:\/\/menuiserie-weber.lu\/fr\/amenagements-sur-mesure-dans-notre-atelier\/#breadcrumb\",\"itemListElement\":[{\"@type\":\"ListItem\",\"position\":1,\"name\":\"Accueil\",\"item\":\"https:\/\/menuiserie-weber.lu\/fr\/\"},{\"@type\":\"ListItem\",\"position\":2,\"name\":\"Services\"}]},{\"@type\":\"WebSite\",\"@id\":\"https:\/\/menuiserie-weber.lu\/fr\/#website\",\"url\":\"https:\/\/menuiserie-weber.lu\/fr\/\",\"name\":\"Menuiserie Weber\",\"description\":\"\",\"potentialAction\":[{\"@type\":\"SearchAction\",\"target\":{\"@type\":\"EntryPoint\",\"urlTemplate\":\"https:\/\/menuiserie-weber.lu\/fr\/?s={search_term_string}\"},\"query-input\":\"required name=search_term_string\"}],\"inLanguage\":\"fr-FR\"}]}<\/script>\n<!-- \/ Yoast SEO plugin. -->","yoast_head_json":{"title":"Services - Menuiserie Weber","description":"am\u00e9nagements sur mesure dans notre atelier avec une large palette de mat\u00e9riaux et grace aux machines les plus performantes.","robots":{"index":"index","follow":"follow","max-snippet":"max-snippet:-1","max-image-preview":"max-image-preview:large","max-video-preview":"max-video-preview:-1"},"canonical":"https:\/\/menuiserie-weber.lu\/fr\/amenagements-sur-mesure-dans-notre-atelier\/","twitter_misc":{"Est. reading time":"2 minutes"},"schema":{"@context":"https:\/\/schema.org","@graph":[{"@type":"WebPage","@id":"https:\/\/menuiserie-weber.lu\/fr\/amenagements-sur-mesure-dans-notre-atelier\/","url":"https:\/\/menuiserie-weber.lu\/fr\/amenagements-sur-mesure-dans-notre-atelier\/","name":"Services - Menuiserie Weber","isPartOf":{"@id":"https:\/\/menuiserie-weber.lu\/fr\/#website"},"datePublished":"2014-09-24T14:19:14+00:00","dateModified":"2026-02-20T15:40:19+00:00","description":"am\u00e9nagements sur mesure dans notre atelier avec une large palette de mat\u00e9riaux et grace aux machines les plus performantes.","breadcrumb":{"@id":"https:\/\/menuiserie-weber.lu\/fr\/amenagements-sur-mesure-dans-notre-atelier\/#breadcrumb"},"inLanguage":"fr-FR","potentialAction":[{"@type":"ReadAction","target":["https:\/\/menuiserie-weber.lu\/fr\/amenagements-sur-mesure-dans-notre-atelier\/"]}]},{"@type":"BreadcrumbList","@id":"https:\/\/menuiserie-weber.lu\/fr\/amenagements-sur-mesure-dans-notre-atelier\/#breadcrumb","itemListElement":[{"@type":"ListItem","position":1,"name":"Accueil","item":"https:\/\/menuiserie-weber.lu\/fr\/"},{"@type":"ListItem","position":2,"name":"Services"}]},{"@type":"WebSite","@id":"https:\/\/menuiserie-weber.lu\/fr\/#website","url":"https:\/\/menuiserie-weber.lu\/fr\/","name":"Menuiserie Weber","description":"","potentialAction":[{"@type":"SearchAction","target":{"@type":"EntryPoint","urlTemplate":"https:\/\/menuiserie-weber.lu\/fr\/?s={search_term_string}"},"query-input":"required name=search_term_string"}],"inLanguage":"fr-FR"}]}},"_links":{"self":[{"href":"https:\/\/menuiserie-weber.lu\/fr\/wp-json\/wp\/v2\/pages\/11"}],"collection":[{"href":"https:\/\/menuiserie-weber.lu\/fr\/wp-json\/wp\/v2\/pages"}],"about":[{"href":"https:\/\/menuiserie-weber.lu\/fr\/wp-json\/wp\/v2\/types\/page"}],"author":[{"embeddable":true,"href":"https:\/\/menuiserie-weber.lu\/fr\/wp-json\/wp\/v2\/users\/1"}],"replies":[{"embeddable":true,"href":"https:\/\/menuiserie-weber.lu\/fr\/wp-json\/wp\/v2\/comments?post=11"}],"version-history":[{"count":3,"href":"https:\/\/menuiserie-weber.lu\/fr\/wp-json\/wp\/v2\/pages\/11\/revisions"}],"predecessor-version":[{"id":2284,"href":"https:\/\/menuiserie-weber.lu\/fr\/wp-json\/wp\/v2\/pages\/11\/revisions\/2284"}],"wp:attachment":[{"href":"https:\/\/menuiserie-weber.lu\/fr\/wp-json\/wp\/v2\/media?parent=11"}],"curies":[{"name":"wp","href":"https:\/\/api.w.org\/{rel}","templated":true}]}}